{"id":1887,"date":"2016-01-16T03:45:04","date_gmt":"2016-01-16T03:45:04","guid":{"rendered":"http:\/\/rttheme20.rtthemes.com\/?page_id=1887"},"modified":"2018-01-24T18:07:21","modified_gmt":"2018-01-24T15:07:21","slug":"ekibimiz","status":"publish","type":"page","link":"https:\/\/turesin.com\/en\/kurumsal\/ekibimiz\/","title":{"rendered":"Our Team"},"content":{"rendered":"<p>[vc_row rt_row_background_width=&#8221;fullwidth&#8221; rt_row_content_width=&#8221;default&#8221; rt_row_style=&#8221;default-style&#8221; rt_row_borders=&#8221;&#8221; rt_row_shadows=&#8221;&#8221; rt_column_view=&#8221;boxed_columns&#8221; rt_row_paddings=&#8221;true&#8221; rt_bg_effect=&#8221;classic&#8221; rt_bg_image_repeat=&#8221;repeat&#8221; rt_bg_size=&#8221;cover&#8221; rt_bg_position=&#8221;right top&#8221; rt_bg_attachment=&#8221;scroll&#8221; rt_bg_video_format=&#8221;self-hosted&#8221;][vc_column rt_column_shadow=&#8221;&#8221; rt_bg_image_repeat=&#8221;repeat&#8221; rt_bg_size=&#8221;auto auto&#8221; rt_bg_attachment=&#8221;scroll&#8221;]<section id=\"staff-539945\" class=\"team clearfix  \"><div class=\"row clearfix\"><div class=\"col col-sm-12\">\n\n \n<div class=\"loop post-3061 staff type-staff status-publish has-post-thumbnail hentry\" id=\"person-3061\">\t\n\t<div class=\"person_image\">\n\t\t<div class=\"person_links_wrapper\"><ul class=\"social_media\"><li class=\"mail\"><a class=\"icon-mail\" target=\"_self\" href=\"mailto:sture@turekim.com\" title=\"Email\"><span>Mail<\/span><\/a><\/li><li class=\"twitter\"><a class=\"icon-twitter\" target=\"_blank\" href=\"twitter.com\" title=\"Twitter\"><span>Twitter<\/span><\/a><\/li><li class=\"pinterest\"><a class=\"icon-pinterest\" target=\"_blank\" href=\"pinterest.com\" title=\"Pinterest\"><span>Pinterest<\/span><\/a><\/li><li class=\"linkedin\"><a class=\"icon-linkedin\" target=\"_blank\" href=\"linkedin.com\" title=\"Linkedin\"><span>Linked In<\/span><\/a><\/li><\/ul><\/div>\t\n\t\t<div class=\"person_image_wrapper\">\n\t\t\t\n\t\t\t\t\t\t\t<a href=\"https:\/\/turesin.com\/en\/ekip\/mehmet-selim-ture\/\"><img src=\"https:\/\/turesin.com\/wp-content\/uploads\/2017\/02\/person.png\" alt=\"\" class=\"\" \/><\/a>\n\t\t\t\t\t\t\n\t\t<\/div>\n\t\t \n\t<\/div>\n\t\n\t\t\t<h5 class=\"person_name\"><a href=\"https:\/\/turesin.com\/en\/ekip\/mehmet-selim-ture\/\">(Turkish) Mehmet Selim T\u00dcRE<\/a><\/h5>\n\t\n\t\t\t<span class=\"position\">Genel M\u00fcd\u00fcr<\/span>\n\t\n\t<div class=\"profile\">\n\t\t\t<\/div> \n\n<\/div><\/div>\n<\/div><\/section><div class=\"paging_wrapper margin-t30 margin-b30\"><\/div><section id=\"staff-299436\" class=\"team clearfix  \"><div class=\"row clearfix\"><div class=\"col col-sm-6\">\n\n \n<div class=\"loop post-3066 staff type-staff status-publish has-post-thumbnail hentry\" id=\"person-3066\">\t\n\t<div class=\"person_image\">\n\t\t<div class=\"person_links_wrapper\"><ul class=\"social_media\"><li class=\"mail\"><a class=\"icon-mail\" target=\"_self\" href=\"mailto: kamile.yalcin@turekim.com\" title=\"Email\"><span> <\/span><\/a><\/li><li class=\"twitter\"><a class=\"icon-twitter\" target=\"_blank\" href=\" \" title=\"Twitter\"><span> <\/span><\/a><\/li><\/ul><\/div>\t\n\t\t<div class=\"person_image_wrapper\">\n\t\t\t\n\t\t\t\t\t\t\t<img src=\"https:\/\/turesin.com\/wp-content\/uploads\/2017\/02\/person.png\" alt=\"\" class=\"\" \/>\t\t\t\t\t\t\n\t\t<\/div>\n\t\t \n\t<\/div>\n\t\n\t\t\t<h5 class=\"person_name\">(Turkish) Kamile YAL\u00c7IN<\/h5>\n\t\n\t\t\t<span class=\"position\">Sat\u0131\u015f Destek Uzman\u0131<\/span>\n\t\n\t<div class=\"profile\">\n\t\t\t<\/div> \n\n<\/div><\/div>\n<div class=\"col col-sm-6\">\n\n \n<div class=\"loop post-3079 staff type-staff status-publish has-post-thumbnail hentry\" id=\"person-3079\">\t\n\t<div class=\"person_image\">\n\t\t<div class=\"person_links_wrapper\"><ul class=\"social_media\"><li class=\"mail\"><a class=\"icon-mail\" target=\"_self\" href=\"mailto:satis@turekim.com\" title=\"Email\"><span>Email<\/span><\/a><\/li><\/ul><\/div>\t\n\t\t<div class=\"person_image_wrapper\">\n\t\t\t\n\t\t\t\t\t\t\t<img src=\"https:\/\/turesin.com\/wp-content\/uploads\/2017\/02\/person.png\" alt=\"\" class=\"\" \/>\t\t\t\t\t\t\n\t\t<\/div>\n\t\t \n\t<\/div>\n\t\n\t\t\t<h5 class=\"person_name\">(Turkish) Mehmet E\u011eDEM\u0130R<\/h5>\n\t\n\t\t\t<span class=\"position\">Muhasebe & Finans<\/span>\n\t\n\t<div class=\"profile\">\n\t\t\t<\/div> \n\n<\/div><\/div>\n<\/div><\/section><div class=\"paging_wrapper margin-t30 margin-b30\"><\/div><section id=\"staff-133575\" class=\"team clearfix  \"><div class=\"row clearfix\"><div class=\"col col-sm-4\">\n\n \n<div class=\"loop no-hover post-5145 staff type-staff status-publish has-post-thumbnail hentry\" id=\"person-5145\">\t\n\t<div class=\"person_image\">\n\t\t\t\n\t\t<div class=\"person_image_wrapper\">\n\t\t\t\n\t\t\t\t\t\t\t<img src=\"https:\/\/turesin.com\/wp-content\/uploads\/2017\/02\/person.png\" alt=\"\" class=\"\" \/>\t\t\t\t\t\t\n\t\t<\/div>\n\t\t \n\t<\/div>\n\t\n\t\t\t<h5 class=\"person_name\">(Turkish) Alican \u00c7ALI\u015e<\/h5>\n\t\n\t\t\t<span class=\"position\">Sevkiyat<\/span>\n\t\n\t<div class=\"profile\">\n\t\t\t<\/div> \n\n<\/div><\/div>\n<\/div><\/section><div class=\"paging_wrapper margin-t30 margin-b30\"><\/div>[\/vc_column][\/vc_row]<\/p>\n","protected":false},"excerpt":{"rendered":"<p>[vc_row rt_row_background_width=&#8221;fullwidth&#8221; rt_row_content_width=&#8221;default&#8221; rt_row_style=&#8221;default-style&#8221; rt_row_borders=&#8221;&#8221; rt_row_shadows=&#8221;&#8221; rt_column_view=&#8221;boxed_columns&#8221; rt_row_paddings=&#8221;true&#8221; rt_bg_effect=&#8221;classic&#8221; rt_bg_image_repeat=&#8221;repeat&#8221; rt_bg_size=&#8221;cover&#8221; rt_bg_position=&#8221;right top&#8221; rt_bg_attachment=&#8221;scroll&#8221; rt_bg_video_format=&#8221;self-hosted&#8221;][vc_column rt_column_shadow=&#8221;&#8221; rt_bg_image_repeat=&#8221;repeat&#8221; rt_bg_size=&#8221;auto auto&#8221; rt_bg_attachment=&#8221;scroll&#8221;][\/vc_column][\/vc_row&#8230; <a class=\"more-link\" href=\"https:\/\/turesin.com\/en\/ekip\/alican-calis\/\">Continue reading<\/a><\/p>\n","protected":false},"author":1,"featured_media":0,"parent":2782,"menu_order":0,"comment_status":"closed","ping_status":"closed","template":"","meta":{"footnotes":""},"aioseo_notices":[],"_links":{"self":[{"href":"https:\/\/turesin.com\/en\/wp-json\/wp\/v2\/pages\/1887"}],"collection":[{"href":"https:\/\/turesin.com\/en\/wp-json\/wp\/v2\/pages"}],"about":[{"href":"https:\/\/turesin.com\/en\/wp-json\/wp\/v2\/types\/page"}],"author":[{"embeddable":true,"href":"https:\/\/turesin.com\/en\/wp-json\/wp\/v2\/users\/1"}],"replies":[{"embeddable":true,"href":"https:\/\/turesin.com\/en\/wp-json\/wp\/v2\/comments?post=1887"}],"version-history":[{"count":10,"href":"https:\/\/turesin.com\/en\/wp-json\/wp\/v2\/pages\/1887\/revisions"}],"predecessor-version":[{"id":5299,"href":"https:\/\/turesin.com\/en\/wp-json\/wp\/v2\/pages\/1887\/revisions\/5299"}],"up":[{"embeddable":true,"href":"https:\/\/turesin.com\/en\/wp-json\/wp\/v2\/pages\/2782"}],"wp:attachment":[{"href":"https:\/\/turesin.com\/en\/wp-json\/wp\/v2\/media?parent=1887"}],"curies":[{"name":"wp","href":"https:\/\/api.w.org\/{rel}","templated":true}]}}