{"id":2545,"date":"2016-02-03T14:37:55","date_gmt":"2016-02-03T14:37:55","guid":{"rendered":"http:\/\/rttheme20.rtthemes.com\/?page_id=2545"},"modified":"2018-01-24T18:07:10","modified_gmt":"2018-01-24T15:07:10","slug":"bizden-haberler","status":"publish","type":"page","link":"https:\/\/turesin.com\/en\/bizden-haberler\/","title":{"rendered":"News From Us"},"content":{"rendered":"<p>[vc_row rt_row_background_width=&#8221;fullwidth&#8221; rt_row_content_width=&#8221;default&#8221; rt_row_style=&#8221;default-style&#8221; rt_row_borders=&#8221;&#8221; rt_row_shadows=&#8221;&#8221; rt_column_view=&#8221;boxed_columns&#8221; rt_row_paddings=&#8221;true&#8221; rt_bg_effect=&#8221;classic&#8221; rt_bg_image_repeat=&#8221;repeat&#8221; rt_bg_size=&#8221;cover&#8221; rt_bg_position=&#8221;right top&#8221; rt_bg_attachment=&#8221;scroll&#8221; rt_bg_video_format=&#8221;self-hosted&#8221;][vc_column rt_column_shadow=&#8221;&#8221; rt_bg_image_repeat=&#8221;repeat&#8221; rt_bg_size=&#8221;auto auto&#8221; rt_bg_attachment=&#8221;scroll&#8221;]\n<div id=\"blog-dynamicID-634055\" class=\"blog_list clearfix row\" data-column-width=\"1\">\n<article id=\"3332\" class=\"col col-sm-12 isotope-item post-3332 post type-post status-publish format-standard has-post-thumbnail hentry category-bizden-haberler\">\n \n\n<!-- blog box-->\n\n\t\t<figure class=\"featured_image featured_media\">\n\t\t<a id=\"lightbox-590951\" class=\"imgeffect zoom lightbox_ featured_image\" data-group=\"image_3333\" title=\"Enlarge Image\" data-title=\"(Turkish) T\u00fcrekimden\" data-description=\"\" data-thumbnail=\"https:\/\/turesin.com\/wp-content\/uploads\/2017\/05\/blog-75x50.jpg\" data-thumbTooltip=\"\" data-scaleUp=\"\" data-href=\"\" data-width=\"\" data-height=\"\" data-flashHasPriority=\"\" data-poster=\"\" data-autoplay=\"\" data-audiotitle=\"\" href=\"https:\/\/turesin.com\/wp-content\/uploads\/2017\/05\/blog.jpg\" ><img src=\"https:\/\/turesin.com\/wp-content\/uploads\/2017\/05\/blog-480x320.jpg\" alt=\"\" class=\"\" \/><\/a>\t\t\n\t<\/figure> \n\t\n\t<div class=\"entry-content text\">\n\n\t\t\n\t\t\t\t<!-- blog headline-->\n\t\t<h2 class=\"entry-title\"><a href=\"https:\/\/turesin.com\/en\/bizden-haberler\/turekimden-dev-atilim-2\/\" rel=\"bookmark\">(Turkish) T\u00fcrekimden<\/a><\/h2> \n\t\t\n\t\t<p>Sorry, this entry is only available in Turkish&#8230; <a class=\"more-link\" href=\"https:\/\/turesin.com\/en\/bizden-haberler\/turekimden-dev-atilim-2\/\">Continue reading<\/a><\/p>\n\n\t<\/div> \n\n\n\t\n\t\t<!-- meta data -->\n\t\t<div class=\"post_data\">\n\n\t\t\t\t\t\t<!-- date -->                                     \n\t\t\t<span class=\"icon-line-clock date margin-right20\"><a href=\"https:\/\/turesin.com\/en\/bizden-haberler\/turekimden-dev-atilim-2\/\">Wednesday May  3rd, 2017<\/a><\/span>\n\t\t\t\t\t\t\t\n\n\t\t\t\t\t\t\t\n\t\t\t\n\t\t\t\n\t\t\t\n\t\t\t\t\t\t<div class=\"icon-share share\">\n\t\t\t\tShare  \n\t\t\t\t<ul class=\"social_media share\"><li class=\"mail\"><a class=\"icon-mail \" href=\"mailto:?body=https%3A%2F%2Fturesin.com%2Fen%2Fbizden-haberler%2Fturekimden-dev-atilim-2%2F\" title=\"Email\"><span>Email<\/span><\/a><\/li><li class=\"twitter\"><a class=\"icon-twitter \" href=\"#\" data-url=\"http:\/\/twitter.com\/home?status=%28Turkish%29+T%C3%BCrekimden+https%3A%2F%2Fturesin.com%2Fen%2Fbizden-haberler%2Fturekimden-dev-atilim-2%2F\" title=\"Twitter\"><span>Twitter<\/span><\/a><\/li><li class=\"facebook\"><a class=\"icon-facebook \" href=\"#\" data-url=\"http:\/\/www.facebook.com\/sharer\/sharer.php?u=https%3A%2F%2Fturesin.com%2Fen%2Fbizden-haberler%2Fturekimden-dev-atilim-2%2F&amp;title=%28Turkish%29+T%C3%BCrekimden\" title=\"Facebook\"><span>Facebook<\/span><\/a><\/li><li class=\"gplus\"><a class=\"icon-gplus \" href=\"#\" data-url=\"https:\/\/plus.google.com\/share?url=https%3A%2F%2Fturesin.com%2Fen%2Fbizden-haberler%2Fturekimden-dev-atilim-2%2F\" title=\"Google +\"><span>Google +<\/span><\/a><\/li><li class=\"pinterest\"><a class=\"icon-pinterest \" href=\"#\" data-url=\"http:\/\/pinterest.com\/pin\/create\/bookmarklet\/?media=https%3A%2F%2Fturesin.com%2Fwp-content%2Fuploads%2F2017%2F05%2Fblog.jpg&amp;url=https%3A%2F%2Fturesin.com%2Fen%2Fbizden-haberler%2Fturekimden-dev-atilim-2%2F&amp;is_video=false&amp;description=%28Turkish%29+T%C3%BCrekimden\" title=\"Pinterest\"><span>Pinterest<\/span><\/a><\/li><li class=\"tumblr\"><a class=\"icon-tumblr \" href=\"#\" data-url=\"http:\/\/tumblr.com\/share?url=https%3A%2F%2Fturesin.com%2Fen%2Fbizden-haberler%2Fturekimden-dev-atilim-2%2F&amp;title=%28Turkish%29+T%C3%BCrekimden\" title=\"Tumblr\"><span>Tumblr<\/span><\/a><\/li><li class=\"linkedin\"><a class=\"icon-linkedin \" href=\"#\" data-url=\"http:\/\/www.linkedin.com\/shareArticle?mini=true&amp;url=https%3A%2F%2Fturesin.com%2Fen%2Fbizden-haberler%2Fturekimden-dev-atilim-2%2F&amp;title=%28Turkish%29+T%C3%BCrekimden&amp;source=\" title=\"Linkedin\"><span>Linkedin<\/span><\/a><\/li><li class=\"vkontakte\"><a class=\"icon-vkontakte \" href=\"#\" data-url=\"http:\/\/vkontakte.ru\/share.php?url=https%3A%2F%2Fturesin.com%2Fen%2Fbizden-haberler%2Fturekimden-dev-atilim-2%2F\" title=\"Vkontakte\"><span>Vkontakte<\/span><\/a><\/li><\/ul>\t\t\t<\/div>\n\t\t\t\n\t\t<\/div><!-- \/ end div  .post_data -->\n\t\n<!-- \/ blog box-->\n<\/article>\n<article id=\"3170\" class=\"col col-sm-12 isotope-item post-3170 post type-post status-publish format-standard has-post-thumbnail hentry category-bizden-haberler\">\n \n\n<!-- blog box-->\n\n\t\t<figure class=\"featured_image featured_media\">\n\t\t<a id=\"lightbox-400623\" class=\"imgeffect zoom lightbox_ featured_image\" data-group=\"image_3302\" title=\"Enlarge Image\" data-title=\"(Turkish) Turekimden Dev At\u0131l\u0131m\" data-description=\"\" data-thumbnail=\"https:\/\/turesin.com\/wp-content\/uploads\/2017\/05\/turekim-75x43.png\" data-thumbTooltip=\"\" data-scaleUp=\"\" data-href=\"\" data-width=\"\" data-height=\"\" data-flashHasPriority=\"\" data-poster=\"\" data-autoplay=\"\" data-audiotitle=\"\" href=\"https:\/\/turesin.com\/wp-content\/uploads\/2017\/05\/turekim.png\" ><img src=\"https:\/\/turesin.com\/wp-content\/uploads\/2017\/05\/turekim.png\" alt=\"\" class=\"\" \/><\/a>\t\t\n\t<\/figure> \n\t\n\t<div class=\"entry-content text\">\n\n\t\t\n\t\t\t\t<!-- blog headline-->\n\t\t<h2 class=\"entry-title\"><a href=\"https:\/\/turesin.com\/en\/bizden-haberler\/turekimden-dev-atilim\/\" rel=\"bookmark\">(Turkish) Turekimden Dev At\u0131l\u0131m<\/a><\/h2> \n\t\t\n\t\t<p>2016 y\u0131l\u0131nda 7.cisi d\u00fczenlenen Turkchem Chem Show Eurasia fuar\u0131nday\u0131z. Stand\u0131m\u0131za Bekliyoruz. Yer: \u0130stanbul Fuar Merkezi Tarih: 10.11.2016 \u2013 12.11.2016 Sekt\u00f6r: Kimyasal Salon: 9-10-11 Fuardan\u00a0G\u00f6r\u00fcnt\u00fcler&#8230; <a class=\"more-link\" href=\"https:\/\/turesin.com\/en\/bizden-haberler\/turekimden-dev-atilim\/\">Continue reading<\/a><\/p>\n\n\t<\/div> \n\n\n\t\n\t\t<!-- meta data -->\n\t\t<div class=\"post_data\">\n\n\t\t\t\t\t\t<!-- date -->                                     \n\t\t\t<span class=\"icon-line-clock date margin-right20\"><a href=\"https:\/\/turesin.com\/en\/bizden-haberler\/turekimden-dev-atilim\/\">Wednesday February 15th, 2017<\/a><\/span>\n\t\t\t\t\t\t\t\n\n\t\t\t\t\t\t\t\n\t\t\t\n\t\t\t\n\t\t\t\n\t\t\t\t\t\t<div class=\"icon-share share\">\n\t\t\t\tShare  \n\t\t\t\t<ul class=\"social_media share\"><li class=\"mail\"><a class=\"icon-mail \" href=\"mailto:?body=https%3A%2F%2Fturesin.com%2Fen%2Fbizden-haberler%2Fturekimden-dev-atilim%2F\" title=\"Email\"><span>Email<\/span><\/a><\/li><li class=\"twitter\"><a class=\"icon-twitter \" href=\"#\" data-url=\"http:\/\/twitter.com\/home?status=%28Turkish%29+Turekimden+Dev+At%C4%B1l%C4%B1m+https%3A%2F%2Fturesin.com%2Fen%2Fbizden-haberler%2Fturekimden-dev-atilim%2F\" title=\"Twitter\"><span>Twitter<\/span><\/a><\/li><li class=\"facebook\"><a class=\"icon-facebook \" href=\"#\" data-url=\"http:\/\/www.facebook.com\/sharer\/sharer.php?u=https%3A%2F%2Fturesin.com%2Fen%2Fbizden-haberler%2Fturekimden-dev-atilim%2F&amp;title=%28Turkish%29+Turekimden+Dev+At%C4%B1l%C4%B1m\" title=\"Facebook\"><span>Facebook<\/span><\/a><\/li><li class=\"gplus\"><a class=\"icon-gplus \" href=\"#\" data-url=\"https:\/\/plus.google.com\/share?url=https%3A%2F%2Fturesin.com%2Fen%2Fbizden-haberler%2Fturekimden-dev-atilim%2F\" title=\"Google +\"><span>Google +<\/span><\/a><\/li><li class=\"pinterest\"><a class=\"icon-pinterest \" href=\"#\" data-url=\"http:\/\/pinterest.com\/pin\/create\/bookmarklet\/?media=https%3A%2F%2Fturesin.com%2Fwp-content%2Fuploads%2F2017%2F05%2Fturekim.png&amp;url=https%3A%2F%2Fturesin.com%2Fen%2Fbizden-haberler%2Fturekimden-dev-atilim%2F&amp;is_video=false&amp;description=%28Turkish%29+Turekimden+Dev+At%C4%B1l%C4%B1m\" title=\"Pinterest\"><span>Pinterest<\/span><\/a><\/li><li class=\"tumblr\"><a class=\"icon-tumblr \" href=\"#\" data-url=\"http:\/\/tumblr.com\/share?url=https%3A%2F%2Fturesin.com%2Fen%2Fbizden-haberler%2Fturekimden-dev-atilim%2F&amp;title=%28Turkish%29+Turekimden+Dev+At%C4%B1l%C4%B1m\" title=\"Tumblr\"><span>Tumblr<\/span><\/a><\/li><li class=\"linkedin\"><a class=\"icon-linkedin \" href=\"#\" data-url=\"http:\/\/www.linkedin.com\/shareArticle?mini=true&amp;url=https%3A%2F%2Fturesin.com%2Fen%2Fbizden-haberler%2Fturekimden-dev-atilim%2F&amp;title=%28Turkish%29+Turekimden+Dev+At%C4%B1l%C4%B1m&amp;source=\" title=\"Linkedin\"><span>Linkedin<\/span><\/a><\/li><li class=\"vkontakte\"><a class=\"icon-vkontakte \" href=\"#\" data-url=\"http:\/\/vkontakte.ru\/share.php?url=https%3A%2F%2Fturesin.com%2Fen%2Fbizden-haberler%2Fturekimden-dev-atilim%2F\" title=\"Vkontakte\"><span>Vkontakte<\/span><\/a><\/li><\/ul>\t\t\t<\/div>\n\t\t\t\n\t\t<\/div><!-- \/ end div  .post_data -->\n\t\n<!-- \/ blog box-->\n<\/article>\n<\/div>\n[\/vc_column][\/vc_row]<\/p>\n","protected":false},"excerpt":{"rendered":"<p>[vc_row rt_row_background_width=&#8221;fullwidth&#8221; rt_row_content_width=&#8221;default&#8221; rt_row_style=&#8221;default-style&#8221; rt_row_borders=&#8221;&#8221; rt_row_shadows=&#8221;&#8221; rt_column_view=&#8221;boxed_columns&#8221; rt_row_paddings=&#8221;true&#8221; rt_bg_effect=&#8221;classic&#8221; rt_bg_image_repeat=&#8221;repeat&#8221; rt_bg_size=&#8221;cover&#8221; rt_bg_position=&#8221;right top&#8221; rt_bg_attachment=&#8221;scroll&#8221; rt_bg_video_format=&#8221;self-hosted&#8221;][vc_column rt_column_shadow=&#8221;&#8221; rt_bg_image_repeat=&#8221;repeat&#8221; rt_bg_size=&#8221;auto auto&#8221; rt_bg_attachment=&#8221;scroll&#8221;][\/vc_column][\/vc_row&#8230; <a class=\"more-link\" href=\"https:\/\/turesin.com\/en\/bizden-haberler\/turekimden-dev-atilim\/\">Continue reading<\/a><\/p>\n","protected":false},"author":1,"featured_media":0,"parent":0,"menu_order":0,"comment_status":"closed","ping_status":"closed","template":"","meta":{"footnotes":""},"aioseo_notices":[],"_links":{"self":[{"href":"https:\/\/turesin.com\/en\/wp-json\/wp\/v2\/pages\/2545"}],"collection":[{"href":"https:\/\/turesin.com\/en\/wp-json\/wp\/v2\/pages"}],"about":[{"href":"https:\/\/turesin.com\/en\/wp-json\/wp\/v2\/types\/page"}],"author":[{"embeddable":true,"href":"https:\/\/turesin.com\/en\/wp-json\/wp\/v2\/users\/1"}],"replies":[{"embeddable":true,"href":"https:\/\/turesin.com\/en\/wp-json\/wp\/v2\/comments?post=2545"}],"version-history":[{"count":14,"href":"https:\/\/turesin.com\/en\/wp-json\/wp\/v2\/pages\/2545\/revisions"}],"predecessor-version":[{"id":5298,"href":"https:\/\/turesin.com\/en\/wp-json\/wp\/v2\/pages\/2545\/revisions\/5298"}],"wp:attachment":[{"href":"https:\/\/turesin.com\/en\/wp-json\/wp\/v2\/media?parent=2545"}],"curies":[{"name":"wp","href":"https:\/\/api.w.org\/{rel}","templated":true}]}}