{"id":2568,"date":"2016-02-08T15:13:44","date_gmt":"2016-02-08T15:13:44","guid":{"rendered":"http:\/\/rttheme20.rtthemes.com\/?page_id=2568"},"modified":"2022-09-12T14:24:48","modified_gmt":"2022-09-12T11:24:48","slug":"iletisim","status":"publish","type":"page","link":"https:\/\/turesin.com\/en\/iletisim\/","title":{"rendered":"Contact Us"},"content":{"rendered":"<p>[vc_row rt_row_background_width=&#8221;fullwidth&#8221; rt_row_content_width=&#8221;default&#8221; rt_row_style=&#8221;default-style&#8221; rt_row_borders=&#8221;&#8221; rt_row_shadows=&#8221;&#8221; rt_column_view=&#8221;boxed_columns&#8221; rt_row_paddings=&#8221;true&#8221; rt_bg_effect=&#8221;classic&#8221; rt_bg_image_repeat=&#8221;repeat&#8221; rt_bg_size=&#8221;cover&#8221; rt_bg_position=&#8221;right top&#8221; rt_bg_attachment=&#8221;scroll&#8221; rt_bg_video_format=&#8221;self-hosted&#8221;][vc_column width=&#8221;1\/2&#8243; rt_column_shadow=&#8221;&#8221; rt_bg_image_repeat=&#8221;repeat&#8221; rt_bg_size=&#8221;auto auto&#8221; rt_bg_attachment=&#8221;scroll&#8221; rt_padding_top=&#8221;20&#8243; rt_padding_bottom=&#8221;20&#8243; rt_padding_left=&#8221;20&#8243; rt_padding_right=&#8221;20&#8243; rt_bg_color=&#8221;&#8221; rt_bg_overlay_color=&#8221;&#8221;]<div class=\"rt_heading_wrapper style-6\">\n\t\t\t\t\t\t<h5 class=\"rt_heading  style-6\" ><span class=\"icon-globe-2 heading_icon\"><\/span>Turesin \u0130leti\u015fim Bilgisi<\/h5>\n\t\t\t\t\t<\/div>[vc_column_text]\u0130leti\u015fim kanallar\u0131ndan herhangi bir tanesi ile bizimle ileti\u015fime\u00a0ge\u00e7mekten \u00e7ekinmeyin.[\/vc_column_text][vc_separator style=&#8221;style-4&#8243; margin_top=&#8221;20&#8243; margin_bottom=&#8221;30&#8243;]\t \n\t\t<div  class=\"with_icons style-3 \">\n\t\t\t \n\t\t<div  >\n\t\t<span class=\"icon-address icon\"><\/span><div class=\"list-content\"><p>Bal\u00e7\u0131k Mahallesi Organize Caddesi 35\/A<br \/>\nGebze \/ KOCAEL\u0130<\/p>\n<\/div>\n\t\t<\/div>\n\t\t \n\t\t<div  >\n\t\t<span class=\"icon-phone icon\"><\/span><div class=\"list-content\"><p><a href=\"tel:+902627511761\">0 262 751 17 61<\/a><\/p>\n<\/div>\n\t\t<\/div>\n\t\t \n\t\t<div  >\n\t\t<span class=\"icon-mobile icon\"><\/span><div class=\"list-content\"><p><a href=\"tel:+905346460261\">0 534 646 02 61<\/a><\/p>\n<\/div>\n\t\t<\/div>\n\t\t \n\t\t<div  >\n\t\t<span class=\"icon-wind icon\"><\/span><div class=\"list-content\"><p><a href=\"tel:+902627514261\">0 262 751 42 61<\/a>\u00a0(Fax)<\/p>\n<\/div>\n\t\t<\/div>\n\t\t \n\t\t<div  >\n\t\t<span class=\"icon-line-clock icon\"><\/span><div class=\"list-content\"><p>08:30 &#8211; 18:00 \u00c7al\u0131\u015fma Saatlerimiz<\/p>\n<\/div>\n\t\t<\/div>\n\t\t \n\t\t<div  >\n\t\t<span class=\"icon-mail-1 icon\"><\/span><div class=\"list-content\"><p><a href=\"mailto:satis@turesin.com\">satis@turesin.com<\/a><\/p>\n<\/div>\n\t\t<\/div>\n\t\n\t\t<\/div>\n\t<div class=\"google_map_holder\" data-height=\"500\" data-scope=\"#map-229437\" data-bw=\"\">\n\n\t\t\t<div id=\"map-229437\" class=\"google_map\"><\/div>\n\t\t\t<script type=\"text\/javascript\">\n\t\t\t \/* <![CDATA[ *\/ \n\t\t\t\t\/\/ Runs google maps\t\n\t\t\t\t\tjQuery(function() {\n\t\t\t\t\t\tjQuery(\"#map-229437\").rt_maps([[\"T\u00fcresin \", 40.874932, 29.423373, 4,\"T\u00fcreSin &#8211; Bal\u00e7\u0131k Mah. Organize Cad. 15\/A Gebze \/ KOCAEL\u0130\"],],10); \n\t\t\t\t\t});\n\t\t\t\/* ]]> *\/\t\n\t\t\t<\/script>\n\n\t\t<\/div>[\/vc_column][vc_column width=&#8221;1\/2&#8243; rt_column_shadow=&#8221;&#8221; rt_bg_image_repeat=&#8221;repeat&#8221; rt_bg_size=&#8221;auto auto&#8221; rt_bg_attachment=&#8221;scroll&#8221; rt_padding_top=&#8221;20&#8243; rt_padding_bottom=&#8221;20&#8243; rt_padding_left=&#8221;20&#8243; rt_padding_right=&#8221;20&#8243; rt_bg_color=&#8221;&#8221; rt_bg_overlay_color=&#8221;&#8221;]<div class=\"rt_heading_wrapper style-6\">\n\t\t\t\t\t\t<h5 class=\"rt_heading  style-6\" ><span class=\"icon-globe-2 heading_icon\"><\/span>T\u00fcrekim \u0130leti\u015fim Bilgisi<\/h5>\n\t\t\t\t\t<\/div>[vc_column_text]\u0130leti\u015fim kanallar\u0131ndan herhangi bir tanesi ile bizimle ileti\u015fime\u00a0ge\u00e7mekten \u00e7ekinmeyin.[\/vc_column_text][vc_separator style=&#8221;style-4&#8243; margin_top=&#8221;20&#8243; margin_bottom=&#8221;30&#8243;]\t \n\t\t<div  class=\"with_icons style-3 \">\n\t\t\t \n\t\t<div  >\n\t\t<span class=\"icon-address icon\"><\/span><div class=\"list-content\"><p>Esen\u015fehir Mh. Nato Yolu Cd. Bahar Sk. No:13\/1 Y.Dudullu &#8211; \u00dcmraniye \/ \u0130STANBUL<\/p>\n<\/div>\n\t\t<\/div>\n\t\t \n\t\t<div  >\n\t\t<span class=\"icon-phone icon\"><\/span><div class=\"list-content\"><p><a href=\"tel:+902164151252\">0 216 415 12 52<\/a>\u00a0(3 Hat)<\/p>\n<\/div>\n\t\t<\/div>\n\t\t \n\t\t<div  >\n\t\t<span class=\"icon-mobile icon\"><\/span><div class=\"list-content\"><p><a href=\"tel:+905326718401\">0 532 671 84 01<\/a>\u00a0<\/p>\n<\/div>\n\t\t<\/div>\n\t\t \n\t\t<div  >\n\t\t<span class=\"icon-wind icon\"><\/span><div class=\"list-content\"><p><a href=\"tel:+902164151256\">0216 415 12 56<\/a>\u00a0(Fax)<\/p>\n<\/div>\n\t\t<\/div>\n\t\t \n\t\t<div  >\n\t\t<span class=\"icon-line-clock icon\"><\/span><div class=\"list-content\"><p>08:30 &#8211; 18:00 \u00c7al\u0131\u015fma Saatlerimiz<\/p>\n<\/div>\n\t\t<\/div>\n\t\t \n\t\t<div  >\n\t\t<span class=\"icon-mail-1 icon\"><\/span><div class=\"list-content\"><p><a href=\"mailto:satis@turekim.com\">satis@turekim.com<\/a><\/p>\n<\/div>\n\t\t<\/div>\n\t\n\t\t<\/div>\n\t<div class=\"google_map_holder\" data-height=\"500\" data-scope=\"#map-600907\" data-bw=\"\">\n\n\t\t\t<div id=\"map-600907\" class=\"google_map\"><\/div>\n\t\t\t<script type=\"text\/javascript\">\n\t\t\t \/* <![CDATA[ *\/ \n\t\t\t\t\/\/ Runs google maps\t\n\t\t\t\t\tjQuery(function() {\n\t\t\t\t\t\tjQuery(\"#map-600907\").rt_maps([[\"Turekim \", 41.006570, 29.16489, 4,\"T\u00fcreKim &#8211; Dudullu Osb Divan Otel Yan\u0131\"],],10); \n\t\t\t\t\t});\n\t\t\t\/* ]]> *\/\t\n\t\t\t<\/script>\n\n\t\t<\/div>[\/vc_column][\/vc_row][vc_row rt_row_background_width=&#8221;fullwidth&#8221; rt_row_content_width=&#8221;default&#8221; rt_row_style=&#8221;default-style&#8221; rt_row_borders=&#8221;&#8221; rt_row_shadows=&#8221;&#8221; rt_column_view=&#8221;boxed_columns&#8221; rt_row_paddings=&#8221;true&#8221; rt_bg_effect=&#8221;classic&#8221; rt_bg_image_repeat=&#8221;repeat&#8221; rt_bg_size=&#8221;cover&#8221; rt_bg_position=&#8221;right top&#8221; rt_bg_attachment=&#8221;scroll&#8221; rt_bg_video_format=&#8221;self-hosted&#8221; rt_bg_color=&#8221;#&#8221;][vc_column rt_column_shadow=&#8221;&#8221; rt_bg_image_repeat=&#8221;repeat&#8221; rt_bg_size=&#8221;auto auto&#8221; rt_bg_attachment=&#8221;scroll&#8221; rt_padding_top=&#8221;20&#8243; rt_padding_bottom=&#8221;20&#8243; rt_padding_left=&#8221;20&#8243; rt_padding_right=&#8221;20&#8243; rt_bg_color=&#8221;&#8221; rt_bg_overlay_color=&#8221;&#8221;]<div class=\"rt_heading_wrapper style-6\">\n\t\t\t\t\t\t<h5 class=\"rt_heading  style-6\" ><span class=\"icon-line-mail heading_icon\"><\/span>\u0130leti\u015fim Formu<\/h5>\n\t\t\t\t\t<\/div>\n\t\t<!-- contact form -->\n\t\t<div  class=\"contact_form  dynamic-class-696103\">\n\t\t<div class=\"clear\"><\/div><div class=\"result\"><\/div>\n\t\t\t<form action=\"#\" name=\"contact_form\" class=\"validate_form rt_form\" method=\"post\">\n\t\t\t\t<ul>\n\t\t\t\t\t<li class=\"form-input\"><label for=\"name\">Your Name: (*)<\/label><input placeholder=\"Your Name: (*)\" id=\"name\" type=\"text\" name=\"name\" value=\"\" class=\"required\" \/> <\/li>\n\t\t\t\t\t<li class=\"form-input\"><label for=\"email\">Your Email: (*)<\/label><input placeholder=\"Your Email: (*)\" id=\"email\" type=\"email\" name=\"email\" value=\"\" class=\"required email\" \/> <\/li>\n\t\t\t\t\t<li class=\"form-input\"><label for=\"message\">Your Message: (*)<\/label><textarea placeholder=\"Your Message: (*)\" id=\"message\" name=\"message\" rows=\"8\" cols=\"40\" class=\"required\"><\/textarea><\/li>\n\t\t\t\t\t<li class=\"security-question\"><label class=\"math_label\" for=\"math\">Security Question:<\/label>6 + 37 = <input id=\"math\" placeholder=\"?\" type=\"text\" name=\"math\" value=\"\" class=\"required\" \/><\/li>\n\t\t\t\t\t<li class=\"submit-button\">\n\t\t\t\t\t<input type=\"hidden\" name=\"your_email\" value=\"c2F0aXNAdHVyZXNpbi5jb20=\"><input type=\"hidden\" name=\"dynamic_class\" value=\"dynamic-class-696103\"><input type=\"hidden\" name=\"rt_form_data\" value=\"NDM=\"><input type=\"button\" class=\"button submit\" value=\"Send\"  \/><span class=\"loading\"><\/span>\n\t\t\t\t\t<\/li>\n\t\t\t\t<\/ul>\n\t\t\t<\/form>\n\t\t<\/div><div class=\"clear\"><\/div>\n\t\t<!-- \/contact form -->[\/vc_column][\/vc_row]<\/p>","protected":false},"excerpt":{"rendered":"<p>[vc_row rt_row_background_width=&#8221;fullwidth&#8221; rt_row_content_width=&#8221;default&#8221; rt_row_style=&#8221;default-style&#8221; rt_row_borders=&#8221;&#8221; rt_row_shadows=&#8221;&#8221; rt_column_view=&#8221;boxed_columns&#8221; rt_row_paddings=&#8221;true&#8221; rt_bg_effect=&#8221;classic&#8221; rt_bg_image_repeat=&#8221;repeat&#8221; rt_bg_size=&#8221;cover&#8221; rt_bg_position=&#8221;right top&#8221; rt_bg_attachment=&#8221;scroll&#8221; rt_bg_video_format=&#8221;self-hosted&#8221;][vc_column width=&#8221;1\/2&#8243; rt_column_shadow=&#8221;&#8221; rt_bg_image_repeat=&#8221;repeat&#8221; rt_bg_size=&#8221;auto auto&#8221; rt_bg_attachment=&#8221;scroll&#8221; rt_padding_top=&#8221;20&#8243; rt_padding_bottom=&#8221;20&#8243; rt_padding_left=&#8221;20&#8243; rt_padding_right=&#8221;20&#8243; rt_bg_color=&#8221;&#8221; rt_bg_overlay_color=&#8221;&#8221;][vc_column_text]\u0130leti\u015fim kanallar\u0131ndan herhangi bir tanesi ile bizimle ileti\u015fime\u00a0ge\u00e7mekten \u00e7ekinmeyin.[\/vc_column_text][vc_separator style=&#8221;style-4&#8243; margin_top=&#8221;20&#8243; margin_bottom=&#8221;30&#8243;][\/vc_column][vc_column width=&#8221;1\/2&#8243; rt_column_shadow=&#8221;&#8221; rt_bg_image_repeat=&#8221;repeat&#8221; rt_bg_size=&#8221;auto auto&#8221; rt_bg_attachment=&#8221;scroll&#8221; rt_padding_top=&#8221;20&#8243; rt_padding_bottom=&#8221;20&#8243; rt_padding_left=&#8221;20&#8243; rt_padding_right=&#8221;20&#8243; rt_bg_color=&#8221;&#8221; rt_bg_overlay_color=&#8221;&#8221;][vc_column_text]\u0130leti\u015fim kanallar\u0131ndan herhangi bir tanesi ile &#8230; <a class=\"more-link\" href=\"https:\/\/turesin.com\/en\/iletisim\/\">Continue reading<\/a><\/p>\n","protected":false},"author":1,"featured_media":0,"parent":0,"menu_order":0,"comment_status":"closed","ping_status":"closed","template":"","meta":{"footnotes":""},"aioseo_notices":[],"_links":{"self":[{"href":"https:\/\/turesin.com\/en\/wp-json\/wp\/v2\/pages\/2568"}],"collection":[{"href":"https:\/\/turesin.com\/en\/wp-json\/wp\/v2\/pages"}],"about":[{"href":"https:\/\/turesin.com\/en\/wp-json\/wp\/v2\/types\/page"}],"author":[{"embeddable":true,"href":"https:\/\/turesin.com\/en\/wp-json\/wp\/v2\/users\/1"}],"replies":[{"embeddable":true,"href":"https:\/\/turesin.com\/en\/wp-json\/wp\/v2\/comments?post=2568"}],"version-history":[{"count":28,"href":"https:\/\/turesin.com\/en\/wp-json\/wp\/v2\/pages\/2568\/revisions"}],"predecessor-version":[{"id":5328,"href":"https:\/\/turesin.com\/en\/wp-json\/wp\/v2\/pages\/2568\/revisions\/5328"}],"wp:attachment":[{"href":"https:\/\/turesin.com\/en\/wp-json\/wp\/v2\/media?parent=2568"}],"curies":[{"name":"wp","href":"https:\/\/api.w.org\/{rel}","templated":true}]}}