{"id":2613,"date":"2016-02-12T14:45:45","date_gmt":"2016-02-12T14:45:45","guid":{"rendered":"http:\/\/rttheme20.rtthemes.com\/?page_id=2613"},"modified":"2018-01-24T18:07:36","modified_gmt":"2018-01-24T15:07:36","slug":"kalite-politikamiz","status":"publish","type":"page","link":"https:\/\/turesin.com\/en\/kurumsal\/kalite-politikamiz\/","title":{"rendered":"Quality Policy"},"content":{"rendered":"<p>[vc_row rt_row_background_width=&#8221;fullwidth&#8221; rt_row_content_width=&#8221;default&#8221; rt_row_style=&#8221;default-style&#8221; rt_row_borders=&#8221;&#8221; rt_row_shadows=&#8221;&#8221; rt_row_paddings=&#8221;true&#8221; rt_bg_effect=&#8221;classic&#8221; rt_bg_image_repeat=&#8221;repeat&#8221; rt_bg_size=&#8221;cover&#8221; rt_bg_position=&#8221;right top&#8221; rt_bg_attachment=&#8221;scroll&#8221; rt_bg_video_format=&#8221;self-hosted&#8221; rt_padding_top=&#8221;80&#8243; rt_padding_bottom=&#8221;80&#8243;][vc_column rt_column_shadow=&#8221;&#8221; rt_bg_image_repeat=&#8221;repeat&#8221; rt_bg_size=&#8221;auto auto&#8221; rt_bg_attachment=&#8221;scroll&#8221;]<div class=\"rt_heading_wrapper style-3\">\n\t\t\t\t\t\t<h3 class=\"rt_heading  style-3\" >Kalite Politikam\u0131z<\/h3>\n\t\t\t\t\t<\/div>[vc_separator style=&#8221;style-1&#8243;][vc_column_text]Uluslar aras\u0131 platformlarda kendi ile yar\u0131\u015fan ,vizyonu ile paralel, m\u00fc\u015fteri odakl\u0131 yakla\u015f\u0131m\u0131 ile \u00e7\u00f6z\u00fcm ortaklar\u0131na, m\u00fc\u015fterilerine her alanda arge \/ hizmet \/ dan\u0131\u015fmanl\u0131k hizmeti vermek, bu kalite yakla\u015f\u0131m\u0131n\u0131 ise d\u00fcnya \u00e7ap\u0131nda kabul g\u00f6rm\u00fc\u015f standartlarda hayata ge\u00e7irmek en b\u00fcy\u00fck kalite yakla\u015f\u0131m\u0131m\u0131zd\u0131r.<\/p>\n<p>Y\u00fczey a\u015f\u0131nd\u0131r\u0131c\u0131lar\u0131 sekt\u00f6r\u00fcnde k\u0131saca sanayi ya\u011flar\u0131 sekt\u00f6r\u00fcnde rekabet\u00e7i pozisyonunu, arge faliyetlerinde yenilik\u00e7i ve teknolojik yat\u0131r\u0131mlar\u0131n\u0131\u00a0\u00e7evre bilinciyle, \u00fcretim esnas\u0131nda su, enerji, ya\u011flama\u00a0sarfiyatlar\u0131n\u0131 asgariye indirecek nitelikte \u00fcretim yapmak, tedarik\u00e7i bulmak di\u011fer bir kalite felsefemizdir.<\/p>\n<p>T\u00fcrekim\u00a0olarak istenen kalitede hizmet vermesi i\u00e7in temel bile\u015fenler; g\u00fcncel teknolojilerle geli\u015ftirilen yarat\u0131c\u0131 \u00e7\u00f6z\u00fcmler ve ekibin yetkinlik d\u00fczeyi olarak tan\u0131mlanm\u0131\u015ft\u0131r.[\/vc_column_text][vc_separator style=&#8221;style-2&#8243;][vc_column_text]Turekim\u00a0sistematik olarak \u00e7evre ve m\u00fc\u015fterinin de\u011ferlerine y\u00f6nelik y\u00fcr\u00fctmeye kararl\u0131d\u0131r.[\/vc_column_text][\/vc_column][\/vc_row][vc_row rt_row_background_width=&#8221;fullwidth&#8221; rt_row_content_width=&#8221;default&#8221; rt_row_style=&#8221;alt-style-1&#8243; rt_row_borders=&#8221;top,bottom&#8221; rt_row_shadows=&#8221;top,bottom&#8221; rt_column_view=&#8221;boxed_columns&#8221; rt_row_paddings=&#8221;true&#8221; rt_bg_effect=&#8221;classic&#8221; rt_bg_image_repeat=&#8221;repeat&#8221; rt_bg_size=&#8221;cover&#8221; rt_bg_position=&#8221;right top&#8221; rt_bg_attachment=&#8221;scroll&#8221; rt_bg_video_format=&#8221;self-hosted&#8221; rt_overlap=&#8221;&#8221; rt_grid=&#8221;&#8221; rt_padding_top=&#8221;60&#8243; rt_padding_bottom=&#8221;60&#8243;][vc_column rt_column_shadow=&#8221;&#8221; rt_bg_image_repeat=&#8221;repeat&#8221; rt_bg_size=&#8221;auto auto&#8221; rt_bg_attachment=&#8221;scroll&#8221;]<div class=\"rt_heading_wrapper style-4\">\n\t\t\t\t\t\t<h3 class=\"rt_heading  primary-color style-4\" >Felsefemizi olu\u015fturan etkenler d\u00f6rt ana ba\u015fl\u0131k olarak sunulmaktad\u0131r:<\/h3>\n\t\t\t\t\t<\/div>[vc_empty_space][\/vc_column][vc_column width=&#8221;1\/2&#8243; rt_column_shadow=&#8221;&#8221; rt_bg_image_repeat=&#8221;repeat&#8221; rt_bg_size=&#8221;auto auto&#8221; rt_bg_attachment=&#8221;scroll&#8221; rt_padding_top=&#8221;50&#8243; rt_padding_bottom=&#8221;50&#8243; rt_padding_left=&#8221;50&#8243; rt_padding_right=&#8221;50&#8243; rt_bg_color=&#8221;&#8221; rt_bg_overlay_color=&#8221;&#8221;]\t \n\t\t<div  class=\"chained_contents style-1  right\" data-rt-animation-group=\"group\">\n\t\t\t \n\t\t<div  class=\"\" data-rt-animate=\"animate\" data-rt-animation-type=\"fadeInDown\">\n\t\t<span class=\"number\">1<\/span><div class=\"list-content\"><h4 class=\"list-title\">Kalite<\/h4><p>Sat\u0131\u015f\u0131n\u0131 yapmakta oldu\u011fumuz ve tedarik\u00e7ilere ad\u0131m\u0131za \u00fcrettirdi\u011fimiz t\u00fcm \u00fcr\u00fcnler kalite politikas\u0131 \u00e7er\u00e7evesinde \u00fcretilmekte ve asla kaliteden \u00f6d\u00fcn verilmemektedir.<\/p>\n<\/div>\n\t\t<\/div>\n\t\t \n\t\t<div  class=\"\" data-rt-animate=\"animate\" data-rt-animation-type=\"fadeInDown\">\n\t\t<span class=\"number\">2<\/span><div class=\"list-content\"><h4 class=\"list-title\">Fiyatland\u0131rma<\/h4><p>\u00d6ncelikli prensibimiz\u00a0sat\u0131\u015f\u0131n\u0131 yapmakta oldu\u011fumuz \u00fcr\u00fcnlerin fiyat \/ kalite oran\u0131na dikkat ederek m\u00fc\u015fterilerimize en uygun \u00e7\u00f6z\u00fcm\u00fc sunmakt\u0131r.<\/p>\n<\/div>\n\t\t<\/div>\n\t\n\t\t<\/div>\n\t[\/vc_column][vc_column width=&#8221;1\/2&#8243; rt_column_shadow=&#8221;&#8221; rt_bg_image_repeat=&#8221;repeat&#8221; rt_bg_size=&#8221;auto auto&#8221; rt_bg_attachment=&#8221;scroll&#8221; rt_padding_top=&#8221;50&#8243; rt_padding_bottom=&#8221;50&#8243; rt_padding_left=&#8221;50&#8243; rt_padding_right=&#8221;50&#8243; rt_bg_color=&#8221;&#8221; rt_bg_overlay_color=&#8221;&#8221;]\t \n\t\t<div  class=\"chained_contents style-1  left\" data-rt-animation-group=\"group\">\n\t\t\t \n\t\t<div  class=\"\" data-rt-animate=\"animate\" data-rt-animation-type=\"fadeInDown\">\n\t\t<span class=\"number\">3<\/span><div class=\"list-content\"><h4 class=\"list-title\">G\u00fcvence<\/h4><p>Turesin olarak tavsiye bulundu\u011fumuz t\u00fcm \u00fcr\u00fcnlerin g\u00fcvencesi taraf\u0131m\u0131zca verilmektedir.<\/p>\n<\/div>\n\t\t<\/div>\n\t\t \n\t\t<div  class=\"\" data-rt-animate=\"animate\" data-rt-animation-type=\"fadeInDown\">\n\t\t<span class=\"number\">4<\/span><div class=\"list-content\"><h4 class=\"list-title\">Tedarik<\/h4><p>T\u00fcm \u00fcr\u00fcnlerimiz firmam\u0131za ait 700m2 depo alanda stoklu olarak sat\u0131lmaktad\u0131r. \u00c7ok nadir \u00fcr\u00fcnler tedarik\u00e7i firmadan direk nakledilmektedir.<\/p>\n<\/div>\n\t\t<\/div>\n\t\n\t\t<\/div>\n\t[\/vc_column][\/vc_row]<\/p>\n","protected":false},"excerpt":{"rendered":"<p>[vc_row rt_row_background_width=&#8221;fullwidth&#8221; rt_row_content_width=&#8221;default&#8221; rt_row_style=&#8221;default-style&#8221; rt_row_borders=&#8221;&#8221; rt_row_shadows=&#8221;&#8221; rt_row_paddings=&#8221;true&#8221; rt_bg_effect=&#8221;classic&#8221; rt_bg_image_repeat=&#8221;repeat&#8221; rt_bg_size=&#8221;cover&#8221; rt_bg_position=&#8221;right top&#8221; rt_bg_attachment=&#8221;scroll&#8221; rt_bg_video_format=&#8221;self-hosted&#8221; rt_padding_top=&#8221;80&#8243; rt_padding_bottom=&#8221;80&#8243;][vc_column rt_column_shadow=&#8221;&#8221; rt_bg_image_repeat=&#8221;repeat&#8221; rt_bg_size=&#8221;auto auto&#8221; rt_bg_attachment=&#8221;scroll&#8221;][vc_separator style=&#8221;style-1&#8243;][vc_column_text]Uluslar aras\u0131 platformlarda kendi ile yar\u0131\u015fan ,vizyonu ile paralel, m\u00fc\u015fteri odakl\u0131 yakla\u015f\u0131m\u0131 ile \u00e7\u00f6z\u00fcm ortaklar\u0131na, m\u00fc\u015fterilerine her alanda arge \/ hizmet \/ dan\u0131\u015fmanl\u0131k hizmeti vermek, bu kalite yakla\u015f\u0131m\u0131n\u0131 ise d\u00fcnya \u00e7ap\u0131nda kabul g\u00f6rm\u00fc\u015f standartlarda &#8230; <a class=\"more-link\" href=\"https:\/\/turesin.com\/en\/kurumsal\/kalite-politikamiz\/\">Continue reading<\/a><\/p>\n","protected":false},"author":1,"featured_media":0,"parent":2782,"menu_order":0,"comment_status":"closed","ping_status":"closed","template":"","meta":{"footnotes":""},"aioseo_notices":[],"_links":{"self":[{"href":"https:\/\/turesin.com\/en\/wp-json\/wp\/v2\/pages\/2613"}],"collection":[{"href":"https:\/\/turesin.com\/en\/wp-json\/wp\/v2\/pages"}],"about":[{"href":"https:\/\/turesin.com\/en\/wp-json\/wp\/v2\/types\/page"}],"author":[{"embeddable":true,"href":"https:\/\/turesin.com\/en\/wp-json\/wp\/v2\/users\/1"}],"replies":[{"embeddable":true,"href":"https:\/\/turesin.com\/en\/wp-json\/wp\/v2\/comments?post=2613"}],"version-history":[{"count":24,"href":"https:\/\/turesin.com\/en\/wp-json\/wp\/v2\/pages\/2613\/revisions"}],"predecessor-version":[{"id":5300,"href":"https:\/\/turesin.com\/en\/wp-json\/wp\/v2\/pages\/2613\/revisions\/5300"}],"up":[{"embeddable":true,"href":"https:\/\/turesin.com\/en\/wp-json\/wp\/v2\/pages\/2782"}],"wp:attachment":[{"href":"https:\/\/turesin.com\/en\/wp-json\/wp\/v2\/media?parent=2613"}],"curies":[{"name":"wp","href":"https:\/\/api.w.org\/{rel}","templated":true}]}}