{"id":2782,"date":"2017-02-09T11:38:47","date_gmt":"2017-02-09T08:38:47","guid":{"rendered":"http:\/\/www.turesin.com\/?page_id=2782"},"modified":"2018-01-24T18:08:12","modified_gmt":"2018-01-24T15:08:12","slug":"kurumsal","status":"publish","type":"page","link":"https:\/\/turesin.com\/en\/kurumsal\/","title":{"rendered":"Corporate"},"content":{"rendered":"<p>[vc_row rt_row_background_width=&#8221;fullwidth&#8221; rt_row_content_width=&#8221;default&#8221; rt_row_style=&#8221;alt-style-2&#8243; full_height=&#8221;yes&#8221; rt_row_borders=&#8221;&#8221; rt_row_shadows=&#8221;&#8221; rt_row_paddings=&#8221;true&#8221; rt_bg_effect=&#8221;classic&#8221; rt_bg_image_repeat=&#8221;repeat&#8221; rt_bg_size=&#8221;cover&#8221; rt_bg_position=&#8221;right top&#8221; rt_bg_attachment=&#8221;scroll&#8221; rt_bg_video_format=&#8221;youtube&#8221; rt_bg_overlay_color=&#8221;rgba(46,41,50,0.81)&#8221; rt_bg_video_youtube=&#8221;https:\/\/www.youtube.com\/watch?v=JrsP1O10IMU&#8221;][vc_column rt_column_shadow=&#8221;&#8221; rt_bg_image_repeat=&#8221;repeat&#8221; rt_bg_size=&#8221;auto auto&#8221; rt_bg_attachment=&#8221;scroll&#8221;][vc_custom_heading text=&#8221;Daha ileriye ve m\u00fckemmeliyete do\u011fru bir ad\u0131m.<br \/>\n&#8221; font_container=&#8221;tag:h2|font_size:50px|text_align:center&#8221; use_theme_fonts=&#8221;yes&#8221;][vc_custom_heading text=&#8221;<i>Kalite Politikam\u0131z ve \u015eirketimizi Yak\u0131ndan \u0130nceleyin<\/i>&#8221; font_container=&#8221;tag:p|font_size:20px|text_align:center&#8221; use_theme_fonts=&#8221;yes&#8221;][vc_empty_space height=&#8221;20px&#8221;]<div class=\"button_wrapper aligncenter \"><a  href=\"#contents\" target=\"_self\" title=\"Markam\u0131z\u0131 Yak\u0131ndan \u0130nceleyin!\" class=\"button_ scroll color big\"><span class=\"icon-angle-down\"><\/span>Markam\u0131z\u0131 Yak\u0131ndan \u0130nceleyin!<\/a><\/div>[\/vc_column][\/vc_row][vc_row rt_row_background_width=&#8221;fullwidth&#8221; rt_row_content_width=&#8221;default&#8221; rt_row_style=&#8221;default-style&#8221; rt_row_borders=&#8221;&#8221; rt_row_shadows=&#8221;&#8221; rt_column_view=&#8221;equal_heights&#8221; rt_row_paddings=&#8221;true&#8221; id=&#8221;contents&#8221; rt_bg_effect=&#8221;classic&#8221; rt_bg_image_repeat=&#8221;repeat&#8221; rt_bg_size=&#8221;cover&#8221; rt_bg_position=&#8221;right top&#8221; rt_bg_attachment=&#8221;scroll&#8221; rt_bg_video_format=&#8221;self-hosted&#8221; rt_padding_top=&#8221;0&#8243; rt_padding_bottom=&#8221;0&#8243;][vc_column width=&#8221;1\/2&#8243; rt_column_shadow=&#8221;true&#8221; rt_bg_image_repeat=&#8221;repeat&#8221; rt_bg_size=&#8221;auto auto&#8221; rt_bg_attachment=&#8221;scroll&#8221; rt_padding_top=&#8221;40&#8243; rt_padding_bottom=&#8221;40&#8243; rt_padding_left=&#8221;40&#8243; rt_padding_right=&#8221;40&#8243; rt_bg_color=&#8221;#ffffff&#8221;]<div class=\"rt_heading_wrapper style-1\">\n\t\t\t\t\t\t<h2 class=\"rt_heading  style-1\" >\u015eirket Profili<\/h2>\n\t\t\t\t\t<\/div>[vc_column_text]<\/p>\n<p class=\"yazi\"><span class=\"yazi\"><strong>T\u00dcREK\u0130M END\u00dcSTR\u0130YEL YA\u011eLAR LTD. \u015eT\u0130.<\/strong>\u00a0 olarak ba\u015fta metal i\u015fleme ya\u011flar\u0131 olmak \u00fczere end\u00fcstriyel ya\u011flar, kimyasal maddeler ve y\u00fcksek performans ya\u011flar\u0131 sekt\u00f6r\u00fcnde hizmet vermektedir.<\/span><\/p>\n<p class=\"yazi\"><span class=\"yazi\">Sat\u0131\u015f\u0131n\u0131 yapmakta oldu\u011fumuz \u00fcr\u00fcn gruplar\u0131 d\u00fcnyan\u0131n her \u00fclkesinde bir\u00e7ok sekt\u00f6r\u00fcn ihtiyac\u0131na y\u00f6nelik olarak \u00fcretilmekte ve geli\u015ftirilmektedir. \u00c7ok \u00e7e\u015fitli sekt\u00f6rlerde ve d\u00fcnyan\u0131n \u00e7o\u011fu \u00fclkesinde faaliyet g\u00f6steren markalar\u0131m\u0131z\u0131n bizlere yapt\u0131\u011f\u0131 tecr\u00fcbe payla\u015f\u0131mlar\u0131 sayesinde m\u00fc\u015fterilerimize en uygun hizmeti vermeye gayret g\u00f6stermekteyiz.<\/span><\/p>\n<p class=\"yazi\"><span class=\"yazi\">Amac\u0131m\u0131z; bireysel, ba\u015flang\u0131\u00e7 seviyesindeki kullan\u0131c\u0131lardan; kurumsal, profesyonel seviyedeki taleplere kadar her seviyedeki m\u00fc\u015fterimize uzman dan\u0131\u015fmanlar ile m\u00fchendislik \u00e7\u00f6z\u00fcmler \u00fcretmek. Sundu\u011fumuz \u00e7\u00f6z\u00fcmlerde kaliteyi, verimlili\u011fi ve ula\u015f\u0131labilirli\u011fi en \u00fcst seviyeye \u00e7\u0131kararak her yerde daima ula\u015f\u0131labilen bir \u00e7\u00f6z\u00fcm orta\u011f\u0131n\u0131z olmakt\u0131r.<\/span><\/p>\n<p class=\"yazi\"><span class=\"yazi\">Her t\u00fcrl\u00fc\u00a0<strong>End\u00fcstriyel Ya\u011f ve Kimyevi Madde<\/strong>\u00a0 ihtiyac\u0131n\u0131zda,\u00a0<strong>kalite, g\u00fcvenilirlik ve dakiklikten\u00a0<\/strong>endi\u015fe etmeden tecr\u00fcbenin hizmete d\u00f6n\u00fc\u015f\u00fcm\u00fcn\u00fc siz de ya\u015fay\u0131n.<\/span><\/p>\n<p>[\/vc_column_text][\/vc_column][vc_column width=&#8221;1\/2&#8243; rt_column_shadow=&#8221;true&#8221; rt_bg_image=&#8221;3315&#8243; rt_bg_image_repeat=&#8221;repeat&#8221; rt_bg_size=&#8221;cover&#8221; rt_bg_attachment=&#8221;scroll&#8221; rt_bg_color=&#8221;&#8221; rt_padding_top=&#8221;0&#8243; rt_padding_bottom=&#8221;0&#8243; rt_padding_left=&#8221;0&#8243; rt_padding_right=&#8221;0&#8243; rt_bg_overlay_color=&#8221;&#8221; rt_min_height=&#8221;400&#8243;][\/vc_column][\/vc_row][vc_row rt_row_background_width=&#8221;fullwidth&#8221; rt_row_content_width=&#8221;default&#8221; rt_row_style=&#8221;default-style&#8221; rt_row_borders=&#8221;&#8221; rt_row_shadows=&#8221;&#8221; rt_column_view=&#8221;equal_heights&#8221; rt_row_paddings=&#8221;true&#8221; rt_bg_effect=&#8221;classic&#8221; rt_bg_image_repeat=&#8221;repeat&#8221; rt_bg_size=&#8221;cover&#8221; rt_bg_position=&#8221;right top&#8221; rt_bg_attachment=&#8221;scroll&#8221; rt_bg_video_format=&#8221;self-hosted&#8221; rt_padding_top=&#8221;0&#8243; rt_padding_bottom=&#8221;0&#8243;][vc_column width=&#8221;1\/2&#8243; rt_column_shadow=&#8221;true&#8221; rt_bg_image=&#8221;3317&#8243; rt_bg_image_repeat=&#8221;repeat&#8221; rt_bg_size=&#8221;cover&#8221; rt_bg_attachment=&#8221;scroll&#8221; rt_bg_color=&#8221;&#8221; rt_min_height=&#8221;400&#8243; rt_bg_overlay_color=&#8221;&#8221;][\/vc_column][vc_column width=&#8221;1\/2&#8243; rt_column_shadow=&#8221;true&#8221; rt_bg_image_repeat=&#8221;repeat&#8221; rt_bg_size=&#8221;auto auto&#8221; rt_bg_attachment=&#8221;scroll&#8221; rt_padding_top=&#8221;40&#8243; rt_padding_bottom=&#8221;40&#8243; rt_padding_left=&#8221;40&#8243; rt_padding_right=&#8221;40&#8243; rt_bg_color=&#8221;#ffffff&#8221;]<div class=\"rt_heading_wrapper style-1\">\n\t\t\t\t\t\t<h2 class=\"rt_heading  style-1\" >Kalite Politikam\u0131z<\/h2>\n\t\t\t\t\t<\/div>[vc_column_text]Uluslar aras\u0131 platformlarda kendi ile yar\u0131\u015fan ,vizyonu ile paralel, m\u00fc\u015fteri odakl\u0131 yakla\u015f\u0131m\u0131 ile \u00e7\u00f6z\u00fcm ortaklar\u0131na, m\u00fc\u015fterilerine her alanda arge \/ hizmet \/ dan\u0131\u015fmanl\u0131k hizmeti vermek, bu kalite yakla\u015f\u0131m\u0131n\u0131 ise d\u00fcnya \u00e7ap\u0131nda kabul g\u00f6rm\u00fc\u015f standartlarda hayata ge\u00e7irmek en b\u00fcy\u00fck kalite yakla\u015f\u0131m\u0131m\u0131zd\u0131r.<\/p>\n<p>Y\u00fczey a\u015f\u0131nd\u0131r\u0131c\u0131lar\u0131 sekt\u00f6r\u00fcnde k\u0131saca sanayi ya\u011flar\u0131 sekt\u00f6r\u00fcnde rekabet\u00e7i pozisyonunu, arge faliyetlerinde yenilik\u00e7i ve teknolojik yat\u0131r\u0131mlar\u0131n\u0131\u00a0\u00e7evre bilinciyle, \u00fcretim esnas\u0131nda su, enerji, ya\u011flama\u00a0sarfiyatlar\u0131n\u0131 asgariye indirecek nitelikte \u00fcretim yapmak, tedarik\u00e7i bulmak di\u011fer bir kalite felsefemizdir.<\/p>\n<p>T\u00fcrekim\u00a0olarak istenen kalitede hizmet vermesi i\u00e7in temel bile\u015fenler; g\u00fcncel teknolojilerle geli\u015ftirilen yarat\u0131c\u0131 \u00e7\u00f6z\u00fcmler ve ekibin yetkinlik d\u00fczeyi olarak tan\u0131mlanm\u0131\u015ft\u0131r.[\/vc_column_text]<a  href=\"\/kurumsal\/kalite-politikamiz\/\" target=\"_self\" title=\"Meet the team\" class=\"read_more  text small align\">Devam\u0131<\/a>[\/vc_column][\/vc_row][vc_row rt_row_background_width=&#8221;fullwidth&#8221; rt_row_content_width=&#8221;default&#8221; rt_row_style=&#8221;default-style&#8221; rt_row_borders=&#8221;&#8221; rt_row_shadows=&#8221;&#8221; rt_column_view=&#8221;equal_heights&#8221; rt_row_paddings=&#8221;true&#8221; rt_bg_effect=&#8221;classic&#8221; rt_bg_image_repeat=&#8221;repeat&#8221; rt_bg_size=&#8221;cover&#8221; rt_bg_position=&#8221;right top&#8221; rt_bg_attachment=&#8221;scroll&#8221; rt_bg_video_format=&#8221;self-hosted&#8221; rt_padding_top=&#8221;0&#8243; rt_padding_bottom=&#8221;15px&#8221;][vc_column width=&#8221;1\/2&#8243; rt_column_shadow=&#8221;true&#8221; rt_bg_image_repeat=&#8221;repeat&#8221; rt_bg_size=&#8221;auto auto&#8221; rt_bg_attachment=&#8221;scroll&#8221; rt_padding_top=&#8221;40&#8243; rt_padding_bottom=&#8221;40&#8243; rt_padding_left=&#8221;40&#8243; rt_padding_right=&#8221;40&#8243; rt_bg_color=&#8221;#ffffff&#8221;]<div class=\"rt_heading_wrapper style-1\">\n\t\t\t\t\t\t<h2 class=\"rt_heading  style-1\" >Vizyon ve Misyon<\/h2>\n\t\t\t\t\t<\/div>[vc_column_text]Vizyonumuz :<\/p>\n<p>Ya\u011fmala ve kesici tak\u0131mlar sekt\u00f6r\u00fcnde \u00e7evreye duyarl\u0131 sistemler kurarak s\u00fcrd\u00fcr\u00fclebilir gelecek i\u00e7in firmalara ve topluma katk\u0131da bulunmak.<\/p>\n<p>&nbsp;<\/p>\n<p>&nbsp;<\/p>\n<p>Misyonumuz:<\/p>\n<p>Sekt\u00f6rde faaliyet g\u00f6steren ulusal ve uluslararas\u0131 firmalara yenilik\u00e7i, \u00e7evreci bir anlay\u0131\u015fla, geli\u015fmi\u015f teknolojileri kullanarak, etkin ve verimli sistemler \u00fcreten, kuran ve servis hizmetleri veren \u00f6nc\u00fc bir firma olmakt\u0131r.[\/vc_column_text]<a  href=\"\/kurumsal\/vizyon-ve-misyon\/\" target=\"_self\" title=\"Meet the team\" class=\"read_more  text small align\">Devam\u0131<\/a>[\/vc_column][vc_column width=&#8221;1\/2&#8243; rt_column_shadow=&#8221;true&#8221; rt_bg_image=&#8221;3318&#8243; rt_bg_image_repeat=&#8221;repeat&#8221; rt_bg_size=&#8221;cover&#8221; rt_bg_attachment=&#8221;scroll&#8221; rt_bg_color=&#8221;&#8221; rt_padding_top=&#8221;80&#8243; rt_padding_bottom=&#8221;80&#8243; rt_bg_overlay_color=&#8221;rgba(255,255,255,0.4)&#8221; rt_min_height=&#8221;400&#8243;][\/vc_column][\/vc_row]<\/p>\n","protected":false},"excerpt":{"rendered":"<p>[vc_row rt_row_background_width=&#8221;fullwidth&#8221; rt_row_content_width=&#8221;default&#8221; rt_row_style=&#8221;alt-style-2&#8243; full_height=&#8221;yes&#8221; rt_row_borders=&#8221;&#8221; rt_row_shadows=&#8221;&#8221; rt_row_paddings=&#8221;true&#8221; rt_bg_effect=&#8221;classic&#8221; rt_bg_image_repeat=&#8221;repeat&#8221; rt_bg_size=&#8221;cover&#8221; rt_bg_position=&#8221;right top&#8221; rt_bg_attachment=&#8221;scroll&#8221; rt_bg_video_format=&#8221;youtube&#8221; rt_bg_overlay_color=&#8221;rgba(46,41,50,0.81)&#8221; rt_bg_video_youtube=&#8221;https:\/\/www.youtube.com\/watch?v=JrsP1O10IMU&#8221;][vc_column rt_column_shadow=&#8221;&#8221; rt_bg_image_repeat=&#8221;repeat&#8221; rt_bg_size=&#8221;auto auto&#8221; rt_bg_attachment=&#8221;scroll&#8221;][vc_custom_heading text=&#8221;Daha ileriye ve m\u00fckemmeliyete do\u011fru bir ad\u0131m. &#8221; font_container=&#8221;tag:h2|font_size:50px|text_align:center&#8221; use_theme_fonts=&#8221;yes&#8221;][vc_custom_heading text=&#8221;Kalite Politikam\u0131z ve \u015eirketimizi Yak\u0131ndan \u0130nceleyin&#8221; font_container=&#8221;tag:p|font_size:20px|text_align:center&#8221; use_theme_fonts=&#8221;yes&#8221;][vc_empty_space height=&#8221;20px&#8221;][\/vc_column][\/vc_row][vc_row rt_row_background_width=&#8221;fullwidth&#8221; rt_row_content_width=&#8221;default&#8221; rt_row_style=&#8221;default-style&#8221; rt_row_borders=&#8221;&#8221; rt_row_shadows=&#8221;&#8221; rt_column_view=&#8221;equal_heights&#8221; rt_row_paddings=&#8221;true&#8221; id=&#8221;contents&#8221; rt_bg_effect=&#8221;classic&#8221; rt_bg_image_repeat=&#8221;repeat&#8221; rt_bg_size=&#8221;cover&#8221; rt_bg_position=&#8221;right top&#8221; rt_bg_attachment=&#8221;scroll&#8221; &#8230; <a class=\"more-link\" href=\"https:\/\/turesin.com\/en\/kurumsal\/\">Continue reading<\/a><\/p>\n","protected":false},"author":1,"featured_media":0,"parent":0,"menu_order":0,"comment_status":"closed","ping_status":"closed","template":"","meta":{"footnotes":""},"aioseo_notices":[],"_links":{"self":[{"href":"https:\/\/turesin.com\/en\/wp-json\/wp\/v2\/pages\/2782"}],"collection":[{"href":"https:\/\/turesin.com\/en\/wp-json\/wp\/v2\/pages"}],"about":[{"href":"https:\/\/turesin.com\/en\/wp-json\/wp\/v2\/types\/page"}],"author":[{"embeddable":true,"href":"https:\/\/turesin.com\/en\/wp-json\/wp\/v2\/users\/1"}],"replies":[{"embeddable":true,"href":"https:\/\/turesin.com\/en\/wp-json\/wp\/v2\/comments?post=2782"}],"version-history":[{"count":48,"href":"https:\/\/turesin.com\/en\/wp-json\/wp\/v2\/pages\/2782\/revisions"}],"predecessor-version":[{"id":5301,"href":"https:\/\/turesin.com\/en\/wp-json\/wp\/v2\/pages\/2782\/revisions\/5301"}],"wp:attachment":[{"href":"https:\/\/turesin.com\/en\/wp-json\/wp\/v2\/media?parent=2782"}],"curies":[{"name":"wp","href":"https:\/\/api.w.org\/{rel}","templated":true}]}}